{"id":2116,"date":"2022-08-06T16:33:50","date_gmt":"2022-08-06T21:33:50","guid":{"rendered":"https:\/\/avidtel.net\/?page_id=2116"},"modified":"2025-09-23T10:26:35","modified_gmt":"2025-09-23T15:26:35","slug":"test-de-velocidad","status":"publish","type":"page","link":"https:\/\/avidtel.net\/?page_id=2116","title":{"rendered":"Test de velocidad"},"content":{"rendered":"\t\t<div data-elementor-type=\"wp-page\" data-elementor-id=\"2116\" class=\"elementor elementor-2116\" data-elementor-post-type=\"page\">\n\t\t\t\t\t\t\t\t\t<section class=\"elementor-section elementor-top-section elementor-element elementor-element-4ea98b1 elementor-section-height-min-height elementor-section-stretched elementor-section-boxed elementor-section-height-default elementor-section-items-middle\" data-id=\"4ea98b1\" data-element_type=\"section\" data-settings=\"{&quot;stretch_section&quot;:&quot;section-stretched&quot;,&quot;background_background&quot;:&quot;classic&quot;}\">\n\t\t\t\t\t\t\t<div class=\"elementor-background-overlay\"><\/div>\n\t\t\t\t\t\t\t<div class=\"elementor-container elementor-column-gap-no\">\n\t\t\t\t\t<div class=\"elementor-column elementor-col-100 elementor-top-column elementor-element elementor-element-88f4e7f\" data-id=\"88f4e7f\" data-element_type=\"column\">\n\t\t\t<div class=\"elementor-widget-wrap elementor-element-populated\">\n\t\t\t\t\t\t\t\t<div class=\"elementor-element elementor-element-4de181c elementor-widget elementor-widget-heading\" data-id=\"4de181c\" data-element_type=\"widget\" data-widget_type=\"heading.default\">\n\t\t\t\t<div class=\"elementor-widget-container\">\n\t\t\t<style>\/*! elementor - v3.17.0 - 08-11-2023 *\/\n.elementor-heading-title{padding:0;margin:0;line-height:1}.elementor-widget-heading .elementor-heading-title[class*=elementor-size-]>a{color:inherit;font-size:inherit;line-height:inherit}.elementor-widget-heading .elementor-heading-title.elementor-size-small{font-size:15px}.elementor-widget-heading .elementor-heading-title.elementor-size-medium{font-size:19px}.elementor-widget-heading .elementor-heading-title.elementor-size-large{font-size:29px}.elementor-widget-heading .elementor-heading-title.elementor-size-xl{font-size:39px}.elementor-widget-heading .elementor-heading-title.elementor-size-xxl{font-size:59px}<\/style><h2 class=\"elementor-heading-title elementor-size-default\">Test de velocidad <\/h2>\t\t<\/div>\n\t\t\t\t<\/div>\n\t\t\t\t\t<\/div>\n\t\t<\/div>\n\t\t\t\t\t\t\t<\/div>\n\t\t<\/section>\n\t\t\t\t<section class=\"elementor-section elementor-top-section elementor-element elementor-element-c2713fd elementor-section-boxed elementor-section-height-default elementor-section-height-default\" data-id=\"c2713fd\" data-element_type=\"section\">\n\t\t\t\t\t\t<div class=\"elementor-container elementor-column-gap-default\">\n\t\t\t\t\t<div class=\"elementor-column elementor-col-66 elementor-top-column elementor-element elementor-element-5bd13f8\" data-id=\"5bd13f8\" data-element_type=\"column\">\n\t\t\t<div class=\"elementor-widget-wrap elementor-element-populated\">\n\t\t\t\t\t\t\t\t<div class=\"elementor-element elementor-element-08701a3 elementor-widget elementor-widget-html\" data-id=\"08701a3\" data-element_type=\"widget\" data-widget_type=\"html.default\">\n\t\t\t\t<div class=\"elementor-widget-container\">\n\t\t\t<header><script src=\"https:\/\/ws.nperf.com\/partner\/js?l=9c75923e-5297-4c84-9df9-8581d8d18643\"> <\/script> <\/header>\r\n\r\n\t\t<\/div>\n\t\t\t\t<\/div>\n\t\t\t\t\t<\/div>\n\t\t<\/div>\n\t\t\t\t<div class=\"elementor-column elementor-col-33 elementor-top-column elementor-element elementor-element-0ae7d72\" data-id=\"0ae7d72\" data-element_type=\"column\">\n\t\t\t<div class=\"elementor-widget-wrap elementor-element-populated\">\n\t\t\t\t\t\t\t\t<div class=\"elementor-element elementor-element-3ecd825 elementor-widget elementor-widget-text-editor\" data-id=\"3ecd825\" data-element_type=\"widget\" data-widget_type=\"text-editor.default\">\n\t\t\t\t<div class=\"elementor-widget-container\">\n\t\t\t<style>\/*! elementor - v3.17.0 - 08-11-2023 *\/\n.elementor-widget-text-editor.elementor-drop-cap-view-stacked .elementor-drop-cap{background-color:#69727d;color:#fff}.elementor-widget-text-editor.elementor-drop-cap-view-framed .elementor-drop-cap{color:#69727d;border:3px solid;background-color:transparent}.elementor-widget-text-editor:not(.elementor-drop-cap-view-default) .elementor-drop-cap{margin-top:8px}.elementor-widget-text-editor:not(.elementor-drop-cap-view-default) .elementor-drop-cap-letter{width:1em;height:1em}.elementor-widget-text-editor .elementor-drop-cap{float:left;text-align:center;line-height:1;font-size:50px}.elementor-widget-text-editor .elementor-drop-cap-letter{display:inline-block}<\/style>\t\t\t\t<h2 class=\"et_pb_toggle_title\"><em>Apreciado usuario:<\/em><\/h2>\n<div class=\"et_pb_toggle_content clearfix\">\n<p>A continuaci\u00f3n, le sugerimos las siguientes recomendaciones para que pueda disfrutar de dicho servicio en \u00f3ptimas condiciones:<\/p>\n<ul>\n<li>Para acceder al servicio WIFI se recomienda siempre revisar que la conexi\u00f3n inal\u00e1mbrica de su port\u00e1til, celular o tableta est\u00e9 encendida.<\/li>\n<li>Ubique su computador port\u00e1til, celular o tableta cerca del modem con el fin de obtener mejor se\u00f1al WIFI ya que a mayores distancias se puede disminuir su velocidad.<\/li>\n<li>Tenga en cuenta que puertas, paredes, rejas entro otros elementos de la arquitectura de su hogar pueden interferir la se\u00f1al y reducir su potencia.<\/li>\n<li>Le recomendamos conservar la clave del WIFI solo para los dispositivos autorizados, evitando la entrega a personas ajenas a su hogar ya que pueden consumir su Internet, volviendo lento el servicio.<\/li>\n<li>La velocidad del plan es variable, dependiendo del re\u00faso, en cada plan se indica la velocidad m\u00e1xima, la m\u00ednima ser\u00eda cuando el re\u00faso sea el m\u00e1s alto. Se puede comprobar con conexi\u00f3n por cable al equipo instalado.<br><\/li>\n<\/ul>\n<\/div>\t\t\t\t\t\t<\/div>\n\t\t\t\t<\/div>\n\t\t\t\t\t<\/div>\n\t\t<\/div>\n\t\t\t\t\t\t\t<\/div>\n\t\t<\/section>\n\t\t\t\t\t\t\t<\/div>\n\t\t","protected":false},"excerpt":{"rendered":"<p>Test de velocidad Apreciado usuario: A continuaci\u00f3n, le sugerimos las siguientes recomendaciones para que pueda disfrutar de dicho servicio en \u00f3ptimas condiciones: Para acceder al servicio WIFI se recomienda siempre revisar que la conexi\u00f3n inal\u00e1mbrica de su port\u00e1til, celular o tableta est\u00e9 encendida. Ubique su computador port\u00e1til, celular o tableta cerca del modem con el &hellip;<\/p>\n<p class=\"read-more\"> <a class=\"\" href=\"https:\/\/avidtel.net\/?page_id=2116\"> <span class=\"screen-reader-text\">Test de velocidad<\/span> Read More \u00bb<\/a><\/p>\n","protected":false},"author":1,"featured_media":0,"parent":0,"menu_order":0,"comment_status":"closed","ping_status":"closed","template":"elementor_theme","meta":{"site-sidebar-layout":"no-sidebar","site-content-layout":"page-builder","ast-site-content-layout":"","site-content-style":"default","site-sidebar-style":"default","ast-global-header-display":"","ast-banner-title-visibility":"","ast-main-header-display":"","ast-hfb-above-header-display":"","ast-hfb-below-header-display":"","ast-hfb-mobile-header-display":"","site-post-title":"disabled","ast-breadcrumbs-content":"","ast-featured-img":"disabled","footer-sml-layout":"","theme-transparent-header-meta":"","adv-header-id-meta":"","stick-header-meta":"","header-above-stick-meta":"","header-main-stick-meta":"","header-below-stick-meta":"","astra-migrate-meta-layouts":"","ast-page-background-enabled":"default","ast-page-background-meta":{"desktop":{"background-color":"","background-image":"","background-repeat":"repeat","background-position":"center center","background-size":"auto","background-attachment":"scroll","background-type":"","background-media":"","overlay-type":"","overlay-color":"","overlay-gradient":""},"tablet":{"background-color":"","background-image":"","background-repeat":"repeat","background-position":"center center","background-size":"auto","background-attachment":"scroll","background-type":"","background-media":"","overlay-type":"","overlay-color":"","overlay-gradient":""},"mobile":{"background-color":"","background-image":"","background-repeat":"repeat","background-position":"center center","background-size":"auto","background-attachment":"scroll","background-type":"","background-media":"","overlay-type":"","overlay-color":"","overlay-gradient":""}},"ast-content-background-meta":{"desktop":{"background-color":"var(--ast-global-color-5)","background-image":"","background-repeat":"repeat","background-position":"center center","background-size":"auto","background-attachment":"scroll","background-type":"","background-media":"","overlay-type":"","overlay-color":"","overlay-gradient":""},"tablet":{"background-color":"var(--ast-global-color-5)","background-image":"","background-repeat":"repeat","background-position":"center center","background-size":"auto","background-attachment":"scroll","background-type":"","background-media":"","overlay-type":"","overlay-color":"","overlay-gradient":""},"mobile":{"background-color":"var(--ast-global-color-5)","background-image":"","background-repeat":"repeat","background-position":"center center","background-size":"auto","background-attachment":"scroll","background-type":"","background-media":"","overlay-type":"","overlay-color":"","overlay-gradient":""}},"footnotes":"","_joinchat":[]},"_links":{"self":[{"href":"https:\/\/avidtel.net\/index.php?rest_route=\/wp\/v2\/pages\/2116"}],"collection":[{"href":"https:\/\/avidtel.net\/index.php?rest_route=\/wp\/v2\/pages"}],"about":[{"href":"https:\/\/avidtel.net\/index.php?rest_route=\/wp\/v2\/types\/page"}],"author":[{"embeddable":true,"href":"https:\/\/avidtel.net\/index.php?rest_route=\/wp\/v2\/users\/1"}],"replies":[{"embeddable":true,"href":"https:\/\/avidtel.net\/index.php?rest_route=%2Fwp%2Fv2%2Fcomments&post=2116"}],"version-history":[{"count":85,"href":"https:\/\/avidtel.net\/index.php?rest_route=\/wp\/v2\/pages\/2116\/revisions"}],"predecessor-version":[{"id":4355,"href":"https:\/\/avidtel.net\/index.php?rest_route=\/wp\/v2\/pages\/2116\/revisions\/4355"}],"wp:attachment":[{"href":"https:\/\/avidtel.net\/index.php?rest_route=%2Fwp%2Fv2%2Fmedia&parent=2116"}],"curies":[{"name":"wp","href":"https:\/\/api.w.org\/{rel}","templated":true}]}}