{"id":3297,"date":"2024-02-16T16:07:58","date_gmt":"2024-02-16T21:07:58","guid":{"rendered":"https:\/\/avidtel.net\/?page_id=3297"},"modified":"2024-07-09T09:44:13","modified_gmt":"2024-07-09T14:44:13","slug":"mintic-check-9-advice-secure-wi-fi","status":"publish","type":"page","link":"https:\/\/avidtel.net\/?page_id=3297","title":{"rendered":"MinTic Check #9 advice secure WI-FI"},"content":{"rendered":"\t\t<div data-elementor-type=\"wp-page\" data-elementor-id=\"3297\" class=\"elementor elementor-3297\" data-elementor-post-type=\"page\">\n\t\t\t\t\t\t\t\t\t<section class=\"elementor-section elementor-top-section elementor-element elementor-element-fd02fe0 elementor-section-height-min-height elementor-section-boxed elementor-section-height-default elementor-section-items-middle\" data-id=\"fd02fe0\" data-element_type=\"section\" data-settings=\"{&quot;background_background&quot;:&quot;classic&quot;}\">\n\t\t\t\t\t\t\t<div class=\"elementor-background-overlay\"><\/div>\n\t\t\t\t\t\t\t<div class=\"elementor-container elementor-column-gap-default\">\n\t\t\t\t\t<div class=\"elementor-column elementor-col-100 elementor-top-column elementor-element elementor-element-154bef1\" data-id=\"154bef1\" data-element_type=\"column\">\n\t\t\t<div class=\"elementor-widget-wrap elementor-element-populated\">\n\t\t\t\t\t\t\t\t<div class=\"elementor-element elementor-element-1d8eeca elementor-widget elementor-widget-heading\" data-id=\"1d8eeca\" data-element_type=\"widget\" data-widget_type=\"heading.default\">\n\t\t\t\t<div class=\"elementor-widget-container\">\n\t\t\t<style>\/*! elementor - v3.17.0 - 08-11-2023 *\/\n.elementor-heading-title{padding:0;margin:0;line-height:1}.elementor-widget-heading .elementor-heading-title[class*=elementor-size-]>a{color:inherit;font-size:inherit;line-height:inherit}.elementor-widget-heading .elementor-heading-title.elementor-size-small{font-size:15px}.elementor-widget-heading .elementor-heading-title.elementor-size-medium{font-size:19px}.elementor-widget-heading .elementor-heading-title.elementor-size-large{font-size:29px}.elementor-widget-heading .elementor-heading-title.elementor-size-xl{font-size:39px}.elementor-widget-heading .elementor-heading-title.elementor-size-xxl{font-size:59px}<\/style><h1 class=\"elementor-heading-title elementor-size-default\">Consejos de seguridad de la Red.<\/h1>\t\t<\/div>\n\t\t\t\t<\/div>\n\t\t\t\t\t<\/div>\n\t\t<\/div>\n\t\t\t\t\t\t\t<\/div>\n\t\t<\/section>\n\t\t\t\t<section class=\"elementor-section elementor-top-section elementor-element elementor-element-847dc1d elementor-section-boxed elementor-section-height-default elementor-section-height-default\" data-id=\"847dc1d\" data-element_type=\"section\">\n\t\t\t\t\t\t<div class=\"elementor-container elementor-column-gap-default\">\n\t\t\t\t\t<div class=\"elementor-column elementor-col-100 elementor-top-column elementor-element elementor-element-4bad90c\" data-id=\"4bad90c\" data-element_type=\"column\">\n\t\t\t<div class=\"elementor-widget-wrap elementor-element-populated\">\n\t\t\t\t\t\t\t\t<div class=\"elementor-element elementor-element-9f73019 elementor-widget elementor-widget-heading\" data-id=\"9f73019\" data-element_type=\"widget\" data-widget_type=\"heading.default\">\n\t\t\t\t<div class=\"elementor-widget-container\">\n\t\t\t<h3 class=\"elementor-heading-title elementor-size-default\">A continuaci\u00f3n te presentamos pasos a seguir para mantener tu Red mas Segura<\/h3>\t\t<\/div>\n\t\t\t\t<\/div>\n\t\t\t\t\t<\/div>\n\t\t<\/div>\n\t\t\t\t\t\t\t<\/div>\n\t\t<\/section>\n\t\t\t\t<section class=\"elementor-section elementor-top-section elementor-element elementor-element-9a19406 elementor-section-boxed elementor-section-height-default elementor-section-height-default\" data-id=\"9a19406\" data-element_type=\"section\">\n\t\t\t\t\t\t<div class=\"elementor-container elementor-column-gap-default\">\n\t\t\t\t\t<div class=\"elementor-column elementor-col-100 elementor-top-column elementor-element elementor-element-fca6800\" data-id=\"fca6800\" data-element_type=\"column\">\n\t\t\t<div class=\"elementor-widget-wrap elementor-element-populated\">\n\t\t\t\t\t\t\t\t<div class=\"elementor-element elementor-element-edf73d1 elementor-widget elementor-widget-heading\" data-id=\"edf73d1\" data-element_type=\"widget\" data-widget_type=\"heading.default\">\n\t\t\t\t<div class=\"elementor-widget-container\">\n\t\t\t<h3 class=\"elementor-heading-title elementor-size-default\">Contrase\u00f1as mas seguras:<\/h3>\t\t<\/div>\n\t\t\t\t<\/div>\n\t\t\t\t<div class=\"elementor-element elementor-element-d5a0138 elementor-widget elementor-widget-text-editor\" data-id=\"d5a0138\" data-element_type=\"widget\" data-widget_type=\"text-editor.default\">\n\t\t\t\t<div class=\"elementor-widget-container\">\n\t\t\t<style>\/*! elementor - v3.17.0 - 08-11-2023 *\/\n.elementor-widget-text-editor.elementor-drop-cap-view-stacked .elementor-drop-cap{background-color:#69727d;color:#fff}.elementor-widget-text-editor.elementor-drop-cap-view-framed .elementor-drop-cap{color:#69727d;border:3px solid;background-color:transparent}.elementor-widget-text-editor:not(.elementor-drop-cap-view-default) .elementor-drop-cap{margin-top:8px}.elementor-widget-text-editor:not(.elementor-drop-cap-view-default) .elementor-drop-cap-letter{width:1em;height:1em}.elementor-widget-text-editor .elementor-drop-cap{float:left;text-align:center;line-height:1;font-size:50px}.elementor-widget-text-editor .elementor-drop-cap-letter{display:inline-block}<\/style>\t\t\t\t<p>Una contrase\u00f1a segura se asemeja a una llave de su domicilio; en este contexto, es la llave de su red Wi-Fi. Si la contrase\u00f1a es f\u00e1cil de prever, es equivalente a dejar la puerta abierta para que cualquier individuo pueda ingresar. Por consiguiente, es fundamental que su contrase\u00f1a sea extensa (al menos 12 caracteres), incluya una combinaci\u00f3n de letras, n\u00fameros y s\u00edmbolos, y no sea algo sencillo de anticipar (como &#8220;123456&#8221; o &#8220;contrase\u00f1a&#8221;).<\/p>\t\t\t\t\t\t<\/div>\n\t\t\t\t<\/div>\n\t\t\t\t\t<\/div>\n\t\t<\/div>\n\t\t\t\t\t\t\t<\/div>\n\t\t<\/section>\n\t\t\t\t<section class=\"elementor-section elementor-top-section elementor-element elementor-element-c5f7a3f elementor-section-boxed elementor-section-height-default elementor-section-height-default\" data-id=\"c5f7a3f\" data-element_type=\"section\">\n\t\t\t\t\t\t<div class=\"elementor-container elementor-column-gap-default\">\n\t\t\t\t\t<div class=\"elementor-column elementor-col-100 elementor-top-column elementor-element elementor-element-ae6a418\" data-id=\"ae6a418\" data-element_type=\"column\">\n\t\t\t<div class=\"elementor-widget-wrap elementor-element-populated\">\n\t\t\t\t\t\t\t\t<div class=\"elementor-element elementor-element-6a476a0 elementor-widget elementor-widget-heading\" data-id=\"6a476a0\" data-element_type=\"widget\" data-widget_type=\"heading.default\">\n\t\t\t\t<div class=\"elementor-widget-container\">\n\t\t\t<h3 class=\"elementor-heading-title elementor-size-default\">Cuidado con el c\u00f3digo QR de tu WI-FI<\/h3>\t\t<\/div>\n\t\t\t\t<\/div>\n\t\t\t\t<div class=\"elementor-element elementor-element-a9138ad elementor-widget elementor-widget-text-editor\" data-id=\"a9138ad\" data-element_type=\"widget\" data-widget_type=\"text-editor.default\">\n\t\t\t\t<div class=\"elementor-widget-container\">\n\t\t\t\t\t\t\t<p>Un c\u00f3digo QR act\u00faa como un boleto de ingreso a su red Wi-Fi. Si alguien lo escanea con su tel\u00e9fono, puede acceder a su red. Por ello, es esencial no dejar su tel\u00e9fono al alcance de dispositivos no confiables con el c\u00f3digo QR visible.<\/p>\t\t\t\t\t\t<\/div>\n\t\t\t\t<\/div>\n\t\t\t\t\t<\/div>\n\t\t<\/div>\n\t\t\t\t\t\t\t<\/div>\n\t\t<\/section>\n\t\t\t\t<section class=\"elementor-section elementor-top-section elementor-element elementor-element-581500f elementor-section-boxed elementor-section-height-default elementor-section-height-default\" data-id=\"581500f\" data-element_type=\"section\">\n\t\t\t\t\t\t<div class=\"elementor-container elementor-column-gap-default\">\n\t\t\t\t\t<div class=\"elementor-column elementor-col-100 elementor-top-column elementor-element elementor-element-5d6aa21\" data-id=\"5d6aa21\" data-element_type=\"column\">\n\t\t\t<div class=\"elementor-widget-wrap elementor-element-populated\">\n\t\t\t\t\t\t\t\t<div class=\"elementor-element elementor-element-3d63b07 elementor-widget elementor-widget-heading\" data-id=\"3d63b07\" data-element_type=\"widget\" data-widget_type=\"heading.default\">\n\t\t\t\t<div class=\"elementor-widget-container\">\n\t\t\t<h3 class=\"elementor-heading-title elementor-size-default\">La Seguridad MAC:<\/h3>\t\t<\/div>\n\t\t\t\t<\/div>\n\t\t\t\t<div class=\"elementor-element elementor-element-8e787fd elementor-widget elementor-widget-text-editor\" data-id=\"8e787fd\" data-element_type=\"widget\" data-widget_type=\"text-editor.default\">\n\t\t\t\t<div class=\"elementor-widget-container\">\n\t\t\t\t\t\t\t<div class=\"flex-shrink-0 flex flex-col relative items-end\"><div><div class=\"pt-0.5 juice:pt-0\"><div class=\"gizmo-bot-avatar flex h-6 w-6 items-center justify-center overflow-hidden rounded-full juice:h-8 juice:w-8\"><div class=\"relative p-1 rounded-sm flex items-center justify-center bg-token-main-surface-primary text-token-text-primary h-8 w-8\"><span style=\"font-size: 16px;\">Es un m\u00e9todo para proteger su red permitiendo \u00fanicamente a ciertos dispositivos conectarse a ella. Cada Tel\u00e9fono tiene una direcci\u00f3n MAC \u00fanica, que act\u00faa como una identificaci\u00f3n digital exclusiva, asegurando que solo esos dispositivos espec\u00edficos puedan acceder a su red. Esto significa que incluso si alguien tiene la contrase\u00f1a de su red Wi-Fi, no podr\u00e1 conectarse a menos que su direcci\u00f3n MAC est\u00e9 registrada previamente.<\/span><\/div><\/div><\/div><\/div><\/div>\t\t\t\t\t\t<\/div>\n\t\t\t\t<\/div>\n\t\t\t\t\t<\/div>\n\t\t<\/div>\n\t\t\t\t\t\t\t<\/div>\n\t\t<\/section>\n\t\t\t\t<section class=\"elementor-section elementor-top-section elementor-element elementor-element-7807cc5 elementor-section-boxed elementor-section-height-default elementor-section-height-default\" data-id=\"7807cc5\" data-element_type=\"section\">\n\t\t\t\t\t\t<div class=\"elementor-container elementor-column-gap-default\">\n\t\t\t\t\t<div class=\"elementor-column elementor-col-100 elementor-top-column elementor-element elementor-element-7f9da3b\" data-id=\"7f9da3b\" data-element_type=\"column\">\n\t\t\t<div class=\"elementor-widget-wrap elementor-element-populated\">\n\t\t\t\t\t\t\t\t<div class=\"elementor-element elementor-element-ba75337 elementor-widget elementor-widget-heading\" data-id=\"ba75337\" data-element_type=\"widget\" data-widget_type=\"heading.default\">\n\t\t\t\t<div class=\"elementor-widget-container\">\n\t\t\t<h3 class=\"elementor-heading-title elementor-size-default\">Red Oculta:<\/h3>\t\t<\/div>\n\t\t\t\t<\/div>\n\t\t\t\t<div class=\"elementor-element elementor-element-0df9679 elementor-widget elementor-widget-text-editor\" data-id=\"0df9679\" data-element_type=\"widget\" data-widget_type=\"text-editor.default\">\n\t\t\t\t<div class=\"elementor-widget-container\">\n\t\t\t\t\t\t\t<p>Una red oculta es una red Wi-Fi que no muestra su nombre (SSID). Esto significa que los dispositivos no pueden ver la red a menos que conozcan el nombre exacto. Ocultar tu red puede a\u00f1adir una capa adicional de seguridad porque dificulta que los ciberdelincuentes encuentren y se conecten a tu red, ya que no aparece en la lista de redes disponibles para conectarse.<\/p>\t\t\t\t\t\t<\/div>\n\t\t\t\t<\/div>\n\t\t\t\t\t<\/div>\n\t\t<\/div>\n\t\t\t\t\t\t\t<\/div>\n\t\t<\/section>\n\t\t\t\t<section class=\"elementor-section elementor-top-section elementor-element elementor-element-8ceccdf elementor-section-boxed elementor-section-height-default elementor-section-height-default\" data-id=\"8ceccdf\" data-element_type=\"section\">\n\t\t\t\t\t\t<div class=\"elementor-container elementor-column-gap-default\">\n\t\t\t\t\t<div class=\"elementor-column elementor-col-100 elementor-top-column elementor-element elementor-element-43281eb\" data-id=\"43281eb\" data-element_type=\"column\">\n\t\t\t<div class=\"elementor-widget-wrap elementor-element-populated\">\n\t\t\t\t\t\t\t\t<div class=\"elementor-element elementor-element-e6ec165 elementor-widget elementor-widget-heading\" data-id=\"e6ec165\" data-element_type=\"widget\" data-widget_type=\"heading.default\">\n\t\t\t\t<div class=\"elementor-widget-container\">\n\t\t\t<h3 class=\"elementor-heading-title elementor-size-default\">\u00a1Protege a tus hijos en l\u00ednea con nuestras herramientas de seguridad digital!<\/h3>\t\t<\/div>\n\t\t\t\t<\/div>\n\t\t\t\t<div class=\"elementor-element elementor-element-76c5ada elementor-widget elementor-widget-text-editor\" data-id=\"76c5ada\" data-element_type=\"widget\" data-widget_type=\"text-editor.default\">\n\t\t\t\t<div class=\"elementor-widget-container\">\n\t\t\t\t\t\t\t<div class=\"flex-1 overflow-hidden\"><div class=\"react-scroll-to-bottom--css-hbyab-79elbk h-full\"><div class=\"react-scroll-to-bottom--css-hbyab-1n7m0yu\"><div><div class=\"flex flex-col text-sm md:pb-9\"><div class=\"w-full text-token-text-primary\" dir=\"auto\" data-testid=\"conversation-turn-5\" data-scroll-anchor=\"true\"><div class=\"py-2 juice:py-[18px] px-3 text-base md:px-4 m-auto md:px-5 lg:px-1 xl:px-5\"><div class=\"mx-auto flex flex-1 gap-3 text-base juice:gap-4 juice:md:gap-5 juice:lg:gap-6 md:max-w-3xl lg:max-w-[40rem] xl:max-w-[48rem]\"><div class=\"group\/conversation-turn relative flex w-full min-w-0 flex-col agent-turn\"><div class=\"flex-col gap-1 md:gap-3\"><div class=\"flex flex-grow flex-col max-w-full\"><div class=\"min-h-[20px] text-message flex flex-col items-start whitespace-pre-wrap break-words [.text-message+&amp;]:mt-5 juice:w-full juice:items-end overflow-x-auto gap-3\" dir=\"auto\" data-message-author-role=\"assistant\" data-message-id=\"23200c08-047d-4c21-8d27-2ce8e73715ab\"><div class=\"markdown prose w-full break-words dark:prose-invert dark\"><p>En el mundo actual, donde el acceso a internet es omnipresente, garantizar la seguridad de tus hijos en l\u00ednea es m\u00e1s importante que nunca. En\u00a0 Avidtel, entendemos esta preocupaci\u00f3n y nos comprometemos a ofrecerte soluciones efectivas para proteger a tu familia mientras navegan por la web.<\/p><p>Presentamos nuestras herramientas de seguridad digital l\u00edderes en el mercado: <a href=\"https:\/\/www.covenanteyes.com\">Covenant Eyes<\/a> ,\u00a0 <a href=\"https:\/\/www.surfblocker.com\">Surfblocker<\/a> \u00a0 y <a href=\"https:\/\/ex-guard.com\">XtraGuard<\/a> . Estas plataformas han sido dise\u00f1adas para proporcionar a los padres la tranquilidad que necesitan, sabiendo que sus hijos est\u00e1n navegando de manera segura y responsable.<\/p><p>Con Covenant Eyes, puedes monitorear y filtrar el contenido web, establecer restricciones personalizadas y recibir alertas sobre cualquier actividad inapropiada. Adem\u00e1s, fomenta la comunicaci\u00f3n abierta y transparente entre padres e hijos, fortaleciendo los lazos familiares mientras se aborda la seguridad en l\u00ednea.<\/p><p>Surfblocker te permite bloquear sitios web espec\u00edficos y establecer l\u00edmites de tiempo de uso, ayudando a controlar el acceso a contenido no deseado y a minimizar la distracci\u00f3n digital. Esta herramienta es perfecta para crear un entorno en l\u00ednea seguro y productivo para tus hijos.<\/p><p>XtraGuard ofrece una soluci\u00f3n completa para la seguridad digital de tu familia. Con su amplio conjunto de funciones, puedes estar seguro de que tus seres queridos est\u00e1n protegidos mientras exploran el vasto mundo de internet.<\/p><p>En Avidtel, nos comprometemos a brindarte las herramientas y recursos necesarios para proteger a tus seres queridos en l\u00ednea. \u00a1\u00danete a nosotros en nuestro esfuerzo por crear un entorno digital seguro y responsable para todos!<\/p><\/div><\/div><\/div><\/div><\/div><\/div><\/div><\/div><\/div><\/div><\/div><\/div><\/div>\t\t\t\t\t\t<\/div>\n\t\t\t\t<\/div>\n\t\t\t\t\t<\/div>\n\t\t<\/div>\n\t\t\t\t\t\t\t<\/div>\n\t\t<\/section>\n\t\t\t\t\t\t\t<\/div>\n\t\t","protected":false},"excerpt":{"rendered":"<p>Consejos de seguridad de la Red. A continuaci\u00f3n te presentamos pasos a seguir para mantener tu Red mas Segura Contrase\u00f1as mas seguras: Una contrase\u00f1a segura se asemeja a una llave de su domicilio; en este contexto, es la llave de su red Wi-Fi. Si la contrase\u00f1a es f\u00e1cil de prever, es equivalente a dejar la &hellip;<\/p>\n<p class=\"read-more\"> <a class=\"\" href=\"https:\/\/avidtel.net\/?page_id=3297\"> <span class=\"screen-reader-text\">MinTic Check #9 advice secure WI-FI<\/span> Read More \u00bb<\/a><\/p>\n","protected":false},"author":2,"featured_media":0,"parent":0,"menu_order":0,"comment_status":"closed","ping_status":"closed","template":"","meta":{"site-sidebar-layout":"no-sidebar","site-content-layout":"page-builder","ast-site-content-layout":"","site-content-style":"default","site-sidebar-style":"default","ast-global-header-display":"","ast-banner-title-visibility":"","ast-main-header-display":"","ast-hfb-above-header-display":"","ast-hfb-below-header-display":"","ast-hfb-mobile-header-display":"","site-post-title":"disabled","ast-breadcrumbs-content":"","ast-featured-img":"disabled","footer-sml-layout":"","theme-transparent-header-meta":"","adv-header-id-meta":"","stick-header-meta":"","header-above-stick-meta":"","header-main-stick-meta":"","header-below-stick-meta":"","astra-migrate-meta-layouts":"","ast-page-background-enabled":"default","ast-page-background-meta":{"desktop":{"background-color":"","background-image":"","background-repeat":"repeat","background-position":"center center","background-size":"auto","background-attachment":"scroll","background-type":"","background-media":"","overlay-type":"","overlay-color":"","overlay-gradient":""},"tablet":{"background-color":"","background-image":"","background-repeat":"repeat","background-position":"center center","background-size":"auto","background-attachment":"scroll","background-type":"","background-media":"","overlay-type":"","overlay-color":"","overlay-gradient":""},"mobile":{"background-color":"","background-image":"","background-repeat":"repeat","background-position":"center center","background-size":"auto","background-attachment":"scroll","background-type":"","background-media":"","overlay-type":"","overlay-color":"","overlay-gradient":""}},"ast-content-background-meta":{"desktop":{"background-color":"var(--ast-global-color-5)","background-image":"","background-repeat":"repeat","background-position":"center center","background-size":"auto","background-attachment":"scroll","background-type":"","background-media":"","overlay-type":"","overlay-color":"","overlay-gradient":""},"tablet":{"background-color":"var(--ast-global-color-5)","background-image":"","background-repeat":"repeat","background-position":"center center","background-size":"auto","background-attachment":"scroll","background-type":"","background-media":"","overlay-type":"","overlay-color":"","overlay-gradient":""},"mobile":{"background-color":"var(--ast-global-color-5)","background-image":"","background-repeat":"repeat","background-position":"center center","background-size":"auto","background-attachment":"scroll","background-type":"","background-media":"","overlay-type":"","overlay-color":"","overlay-gradient":""}},"footnotes":"","_joinchat":[]},"_links":{"self":[{"href":"https:\/\/avidtel.net\/index.php?rest_route=\/wp\/v2\/pages\/3297"}],"collection":[{"href":"https:\/\/avidtel.net\/index.php?rest_route=\/wp\/v2\/pages"}],"about":[{"href":"https:\/\/avidtel.net\/index.php?rest_route=\/wp\/v2\/types\/page"}],"author":[{"embeddable":true,"href":"https:\/\/avidtel.net\/index.php?rest_route=\/wp\/v2\/users\/2"}],"replies":[{"embeddable":true,"href":"https:\/\/avidtel.net\/index.php?rest_route=%2Fwp%2Fv2%2Fcomments&post=3297"}],"version-history":[{"count":45,"href":"https:\/\/avidtel.net\/index.php?rest_route=\/wp\/v2\/pages\/3297\/revisions"}],"predecessor-version":[{"id":3633,"href":"https:\/\/avidtel.net\/index.php?rest_route=\/wp\/v2\/pages\/3297\/revisions\/3633"}],"wp:attachment":[{"href":"https:\/\/avidtel.net\/index.php?rest_route=%2Fwp%2Fv2%2Fmedia&parent=3297"}],"curies":[{"name":"wp","href":"https:\/\/api.w.org\/{rel}","templated":true}]}}